{"id":6,"date":"2017-07-12T10:36:37","date_gmt":"2017-07-12T10:36:37","guid":{"rendered":"https:\/\/dostas.com.tr\/?page_id=6"},"modified":"2025-02-12T14:15:28","modified_gmt":"2025-02-12T14:15:28","slug":"home","status":"publish","type":"page","link":"https:\/\/dostas.com.tr\/en\/","title":{"rendered":"ANASAYFA"},"content":{"rendered":"<div class=\"wpb-content-wrapper\"><div data-vc-full-width=\"true\" data-vc-full-width-init=\"false\" class=\"vc_row wpb_row vc_row-fluid\"><div class=\"wpb_column vc_column_container vc_col-sm-12\"><div class=\"vc_column-inner\"><div class=\"wpb_wrapper\"><div class=\"ult-spacer spacer-6a04c474d6b85\" data-id=\"6a04c474d6b85\" data-height=\"30\" data-height-mobile=\"30\" data-height-tab=\"30\" data-height-tab-portrait=\"\" data-height-mobile-landscape=\"\" style=\"clear:both;display:block;\"><\/div><div class=\"vc_row wpb_row vc_inner vc_row-fluid\"><div class=\"rs_col-sm-12 wpb_column vc_column_container vc_col-sm-4\"><div class=\"vc_column-inner\"><div class=\"wpb_wrapper\"><div class='dt-sc-icon-box type8 no-icon-bg'><div class=\"icon-wrapper\"><img loading=\"lazy\" decoding=\"async\" width=\"68\" height=\"76\" src=\"https:\/\/dostas.com.tr\/wp-content\/uploads\/2018\/03\/icon3.png\" class=\"attachment-full\" alt=\"\" title=\"icon3\" \/><\/div><div class=\"icon-content\"><h4>TARIM<\/h4><p>Edirne, K\u0131rlareli ve Bal\u0131kesirde bulunan 15.000.000 m2 yi a\u015fk\u0131n tar\u0131m arazimizde yem bitkileri, bu\u011fday, arpa, \u00e7eltik ve saman \u00fcretimleri yap\u0131lmaktad\u0131r.<\/p><\/div><\/div><div class=\"ult-spacer spacer-6a04c474d8000\" data-id=\"6a04c474d8000\" data-height=\"60\" data-height-mobile=\"30\" data-height-tab=\"\" data-height-tab-portrait=\"30\" data-height-mobile-landscape=\"30\" style=\"clear:both;display:block;\"><\/div><\/div><\/div><\/div><div class=\"rs_col-sm-12 wpb_column vc_column_container vc_col-sm-4\"><div class=\"vc_column-inner\"><div class=\"wpb_wrapper\"><div class='dt-sc-icon-box type8 no-icon-bg'><div class=\"icon-wrapper\"><img loading=\"lazy\" decoding=\"async\" width=\"68\" height=\"55\" src=\"https:\/\/dostas.com.tr\/wp-content\/uploads\/2018\/03\/icon4.png\" class=\"attachment-full\" alt=\"\" title=\"icon4\" \/><\/div><div class=\"icon-content\"><h4>BES\u0130 HAYVANCILI\u011eI<\/h4><p>Uruguay, Brezilya ve Avrupa&#8217;dan ithal etti\u011fimiz \u00fcst\u00fcn besi \u0131rklar\u0131n\u0131n besi hayvanc\u0131l\u0131\u011f\u0131, hayvanlar\u0131n belirli bir s\u00fcre boyunca, genellikle k\u0131sa bir d\u00f6nem i\u00e7inde, et veya s\u00fct gibi \u00fcr\u00fcnlerini art\u0131rmak amac\u0131yla beslenip yeti\u015ftirilmesi s\u00fcrecidir.<\/p><\/div><\/div><div class=\"ult-spacer spacer-6a04c474d89f5\" data-id=\"6a04c474d89f5\" data-height=\"60\" data-height-mobile=\"30\" data-height-tab=\"\" data-height-tab-portrait=\"30\" data-height-mobile-landscape=\"30\" style=\"clear:both;display:block;\"><\/div><a href='https:\/\/dostas.com.tr\/en\/faaliyetlerimiz\/' target='_self' title='FAAL\u0130YETLER\u0130M\u0130Z' class='dt-sc-button   medium   bordered  default' > T\u00fcm Faaliyetlerimiz <\/a><\/div><\/div><\/div><div class=\"rs_col-sm-12 wpb_column vc_column_container vc_col-sm-4\"><div class=\"vc_column-inner\"><div class=\"wpb_wrapper\"><div class='dt-sc-icon-box type8 no-icon-bg'><div class=\"icon-wrapper\"><img loading=\"lazy\" decoding=\"async\" width=\"68\" height=\"55\" src=\"https:\/\/dostas.com.tr\/wp-content\/uploads\/2018\/03\/icon4.png\" class=\"attachment-full\" alt=\"\" title=\"icon4\" \/><\/div><div class=\"icon-content\"><h4>S\u00dcT HAYVANCILI\u011eI<\/h4><p>Avrupa Birli\u011fi onayl\u0131 ve hastal\u0131klardan ari \u00e7iftliklerimizde Holstain ve Jersey \u0131rk\u0131 hayvanlar\u0131m\u0131z\u0131n s\u00fct \u00fcretimi amac\u0131yla yeti\u015ftirilmesi ve bak\u0131m\u0131 s\u00fcrecidir.<\/p><\/div><\/div><div class=\"ult-spacer spacer-6a04c474d903d\" data-id=\"6a04c474d903d\" data-height=\"60\" data-height-mobile=\"30\" data-height-tab=\"\" data-height-tab-portrait=\"30\" data-height-mobile-landscape=\"30\" style=\"clear:both;display:block;\"><\/div><\/div><\/div><\/div><\/div><\/div><\/div><\/div><\/div><div class=\"vc_row-full-width vc_clearfix\"><\/div><div class=\"vc_row wpb_row vc_row-fluid\"><div class=\"wpb_column vc_column_container vc_col-sm-12\"><div class=\"vc_column-inner\"><div class=\"wpb_wrapper\"><div class=\"ult-spacer spacer-6a04c474da506\" data-id=\"6a04c474da506\" data-height=\"100\" data-height-mobile=\"100\" data-height-tab=\"100\" data-height-tab-portrait=\"\" data-height-mobile-landscape=\"\" style=\"clear:both;display:block;\"><\/div><div class=\"vc_row wpb_row vc_inner vc_row-fluid\"><div class=\"rs_col-sm-6 rs_col-bottom-space wpb_column vc_column_container vc_col-sm-3\"><div class=\"vc_column-inner\"><div class=\"wpb_wrapper\"><div class='dt-sc-counter type5'><div class='dt-sc-couter-icon-holder'><div class='icon-wrapper'><span class='icon icon-users'> <\/span><\/div><div class='dt-sc-counter-number' data-value='50000' data-append='+'>50000<\/div><\/div><h4>KAPALI ALAN m2<\/h4><\/div><\/div><\/div><\/div><div class=\"rs_col-sm-6 rs_col-bottom-space wpb_column vc_column_container vc_col-sm-3\"><div class=\"vc_column-inner\"><div class=\"wpb_wrapper\"><div class='dt-sc-counter type5'><div class='dt-sc-couter-icon-holder'><div class='icon-wrapper'><span class='icon icon-pointer'> <\/span><\/div><div class='dt-sc-counter-number' data-value='10000' data-append='+'>10000<\/div><\/div><h4>HAYVAN SAYISI<\/h4><\/div><\/div><\/div><\/div><div class=\"rs_col-sm-6 wpb_column vc_column_container vc_col-sm-3\"><div class=\"vc_column-inner\"><div class=\"wpb_wrapper\"><div class='dt-sc-counter type5'><div class='dt-sc-couter-icon-holder'><div class='icon-wrapper'><span class='icon icon-forkandknife'> <\/span><\/div><div class='dt-sc-counter-number' data-value='3' >3<\/div><\/div><h4>\u00c7\u0130FTL\u0130K SAYISI<\/h4><\/div><\/div><\/div><\/div><div class=\"rs_col-sm-6 wpb_column vc_column_container vc_col-sm-3\"><div class=\"vc_column-inner\"><div class=\"wpb_wrapper\"><div class='dt-sc-counter type5'><div class='dt-sc-couter-icon-holder'><div class='icon-wrapper'><span class='icon icon-medal'> <\/span><\/div><div class='dt-sc-counter-number' data-value='40000000' data-append='+'>40000000<\/div><\/div><h4>TARIM ALANI m2<\/h4><\/div><\/div><\/div><\/div><\/div><div class=\"ult-spacer spacer-6a04c474db076\" data-id=\"6a04c474db076\" data-height=\"100\" data-height-mobile=\"100\" data-height-tab=\"100\" data-height-tab-portrait=\"\" data-height-mobile-landscape=\"\" style=\"clear:both;display:block;\"><\/div><\/div><\/div><\/div><\/div>\n<\/div>","protected":false},"excerpt":{"rendered":"TARIMEdirne, K\u0131rlareli ve Bal\u0131kesirde bulunan 15.000.000 m2 yi a\u015fk\u0131n tar\u0131m arazimizde yem bitkileri, bu\u011fday, arpa, \u00e7eltik ve saman \u00fcretimleri yap\u0131lmaktad\u0131r.BES\u0130 HAYVANCILI\u011eIUruguay, Brezilya ve Avrupa'dan ithal etti\u011fimiz \u00fcst\u00fcn besi \u0131rklar\u0131n\u0131n besi hayvanc\u0131l\u0131\u011f\u0131, hayvanlar\u0131n belirli bir s\u00fcre boyunca, genellikle k\u0131sa bir d\u00f6nem i\u00e7inde, et veya s\u00fct gibi \u00fcr\u00fcnlerini art\u0131rmak amac\u0131yla beslenip yeti\u015ftirilmesi s\u00fcrecidir. T\u00fcm Faaliyetlerimiz S\u00dcT HAYVANCILI\u011eIAvrupa [...]","protected":false},"author":1,"featured_media":0,"parent":0,"menu_order":0,"comment_status":"closed","ping_status":"closed","template":"","meta":{"footnotes":""},"class_list":["post-6","page","type-page","status-publish","hentry"],"_links":{"self":[{"href":"https:\/\/dostas.com.tr\/en\/wp-json\/wp\/v2\/pages\/6"}],"collection":[{"href":"https:\/\/dostas.com.tr\/en\/wp-json\/wp\/v2\/pages"}],"about":[{"href":"https:\/\/dostas.com.tr\/en\/wp-json\/wp\/v2\/types\/page"}],"author":[{"embeddable":true,"href":"https:\/\/dostas.com.tr\/en\/wp-json\/wp\/v2\/users\/1"}],"replies":[{"embeddable":true,"href":"https:\/\/dostas.com.tr\/en\/wp-json\/wp\/v2\/comments?post=6"}],"version-history":[{"count":100,"href":"https:\/\/dostas.com.tr\/en\/wp-json\/wp\/v2\/pages\/6\/revisions"}],"predecessor-version":[{"id":10090,"href":"https:\/\/dostas.com.tr\/en\/wp-json\/wp\/v2\/pages\/6\/revisions\/10090"}],"wp:attachment":[{"href":"https:\/\/dostas.com.tr\/en\/wp-json\/wp\/v2\/media?parent=6"}],"curies":[{"name":"wp","href":"https:\/\/api.w.org\/{rel}","templated":true}]}}