{"id":8061,"date":"2017-07-20T08:58:55","date_gmt":"2017-07-20T08:58:55","guid":{"rendered":"https:\/\/dostas.com.tr\/?page_id=8061"},"modified":"2024-11-05T11:18:19","modified_gmt":"2024-11-05T11:18:19","slug":"faaliyetlerimiz","status":"publish","type":"page","link":"https:\/\/dostas.com.tr\/en\/faaliyetlerimiz\/","title":{"rendered":"FAAL\u0130YETLER\u0130M\u0130Z"},"content":{"rendered":"<div class=\"wpb-content-wrapper\"><div class=\"vc_row wpb_row vc_row-fluid\"><div class=\"wpb_column vc_column_container vc_col-sm-12\"><div class=\"vc_column-inner\"><div class=\"wpb_wrapper\"><\/div><\/div><\/div><\/div><div class=\"vc_row wpb_row vc_row-fluid vc_row-o-equal-height vc_row-o-content-middle vc_row-flex\"><div class=\"wpb_column vc_column_container vc_col-sm-6\"><div class=\"vc_column-inner\"><div class=\"wpb_wrapper\"><div class='dt-sc-title script-with-sub-title'><h6>DOSTA\u015e<\/h6><h4>Faaliyetlerimiz<\/h4><\/div><div class=\"aio-icon-component    style_1\"><div id=\"Info-box-wrap-1404\" class=\"aio-icon-box left-icon\" style=\"\"  ><div class=\"aio-ibd-block\"><div class=\"aio-icon-header\" ><h3 class=\"aio-icon-title ult-responsive\"  data-ultimate-target='#Info-box-wrap-1404 .aio-icon-title'  data-responsive-json-new='{\"font-size\":\"\",\"line-height\":\"\"}'  style=\"\">TARIM<\/h3><\/div> <!-- header --><div class=\"aio-icon-description ult-responsive\"  data-ultimate-target='#Info-box-wrap-1404 .aio-icon-description'  data-responsive-json-new='{\"font-size\":\"\",\"line-height\":\"\"}'  style=\"\">Edirne, K\u0131rlareli ve Bal\u0131kesirde bulunan 15.000.000 m2 yi a\u015fk\u0131n tar\u0131m arazimizde yem bitkileri, bu\u011fday, arpa, \u00e7eltik ve saman \u00fcretimleri yap\u0131lmaktad\u0131r. \u00dcretilen \u00fcr\u00fcnler hem \u00e7iftliklerimizde kullan\u0131lmakta hem de T\u00fcrkiye&#8217;nin \u00e7e\u015fitli noktalar\u0131na sat\u0131\u015flar\u0131 yap\u0131lmaktad\u0131r.<\/div> <!-- description --><\/div> <!-- aio-ibd-block --><\/div> <!-- aio-icon-box --><\/div> <!-- aio-icon-component --><div class=\"aio-icon-component    style_1\"><div id=\"Info-box-wrap-2278\" class=\"aio-icon-box left-icon\" style=\"\"  ><div class=\"aio-ibd-block\"><div class=\"aio-icon-header\" ><h3 class=\"aio-icon-title ult-responsive\"  data-ultimate-target='#Info-box-wrap-2278 .aio-icon-title'  data-responsive-json-new='{\"font-size\":\"\",\"line-height\":\"\"}'  style=\"\">BES\u0130 HAYVANCILI\u011eI<\/h3><\/div> <!-- header --><div class=\"aio-icon-description ult-responsive\"  data-ultimate-target='#Info-box-wrap-2278 .aio-icon-description'  data-responsive-json-new='{\"font-size\":\"\",\"line-height\":\"\"}'  style=\"\">Uruguay, Brezilya ve Avrupa&#8217;dan ithal etti\u011fimiz \u00fcst\u00fcn besi \u0131rklar\u0131n\u0131n besi hayvanc\u0131l\u0131\u011f\u0131, hayvanlar\u0131n belirli bir s\u00fcre boyunca, genellikle k\u0131sa bir d\u00f6nem i\u00e7inde, et veya s\u00fct gibi \u00fcr\u00fcnlerini art\u0131rmak amac\u0131yla beslenip yeti\u015ftirilmesi s\u00fcrecidir. Bu s\u00fcre\u00e7te hayvanlar, \u00f6zellikle de s\u0131\u011f\u0131r, koyun ve ke\u00e7i gibi t\u00fcrler, daha fazla kilo almas\u0131 ve daha iyi bir v\u00fccut yap\u0131s\u0131 kazanmas\u0131 i\u00e7in \u00f6zel diyetler ve bak\u0131m programlar\u0131yla beslenir. Besi hayvanc\u0131l\u0131\u011f\u0131, tar\u0131msal \u00fcretimde \u00f6nemli bir yer tutar ve et \u00fcretimini art\u0131rarak g\u0131da g\u00fcvenli\u011fine katk\u0131 sa\u011flar.<\/div> <!-- description --><\/div> <!-- aio-ibd-block --><\/div> <!-- aio-icon-box --><\/div> <!-- aio-icon-component --><\/div><\/div><\/div><div class=\"wpb_column vc_column_container vc_col-sm-6\"><div class=\"vc_column-inner\"><div class=\"wpb_wrapper\">\n\t<div  class=\"wpb_single_image wpb_content_element vc_align_center wpb_content_element\">\n\t\t\n\t\t<figure class=\"wpb_wrapper vc_figure\">\n\t\t\t<div class=\"vc_single_image-wrapper   vc_box_border_grey\"><img loading=\"lazy\" decoding=\"async\" width=\"1000\" height=\"650\" src=\"https:\/\/dostas.com.tr\/wp-content\/uploads\/2024\/10\/FLYT-SUT-2.jpg\" class=\"vc_single_image-img attachment-full\" alt=\"\" title=\"FLYT-SU\u0308T-2\" srcset=\"https:\/\/dostas.com.tr\/wp-content\/uploads\/2024\/10\/FLYT-SUT-2.jpg 1000w, https:\/\/dostas.com.tr\/wp-content\/uploads\/2024\/10\/FLYT-SUT-2-300x195.jpg 300w, https:\/\/dostas.com.tr\/wp-content\/uploads\/2024\/10\/FLYT-SUT-2-768x499.jpg 768w, https:\/\/dostas.com.tr\/wp-content\/uploads\/2024\/10\/FLYT-SUT-2-750x488.jpg 750w, https:\/\/dostas.com.tr\/wp-content\/uploads\/2024\/10\/FLYT-SUT-2-540x351.jpg 540w, https:\/\/dostas.com.tr\/wp-content\/uploads\/2024\/10\/FLYT-SUT-2-600x390.jpg 600w\" sizes=\"(max-width: 1000px) 100vw, 1000px\" \/><\/div>\n\t\t<\/figure>\n\t<\/div>\n\n\t<div  class=\"wpb_single_image wpb_content_element vc_align_center wpb_content_element\">\n\t\t\n\t\t<figure class=\"wpb_wrapper vc_figure\">\n\t\t\t<div class=\"vc_single_image-wrapper   vc_box_border_grey\"><img loading=\"lazy\" decoding=\"async\" width=\"1000\" height=\"650\" src=\"https:\/\/dostas.com.tr\/wp-content\/uploads\/2024\/10\/FLYT-BESI-3.jpg\" class=\"vc_single_image-img attachment-full\" alt=\"\" title=\"FLYT-BESI\u0307-3\" srcset=\"https:\/\/dostas.com.tr\/wp-content\/uploads\/2024\/10\/FLYT-BESI-3.jpg 1000w, https:\/\/dostas.com.tr\/wp-content\/uploads\/2024\/10\/FLYT-BESI-3-300x195.jpg 300w, https:\/\/dostas.com.tr\/wp-content\/uploads\/2024\/10\/FLYT-BESI-3-768x499.jpg 768w, https:\/\/dostas.com.tr\/wp-content\/uploads\/2024\/10\/FLYT-BESI-3-750x488.jpg 750w, https:\/\/dostas.com.tr\/wp-content\/uploads\/2024\/10\/FLYT-BESI-3-540x351.jpg 540w, https:\/\/dostas.com.tr\/wp-content\/uploads\/2024\/10\/FLYT-BESI-3-600x390.jpg 600w\" sizes=\"(max-width: 1000px) 100vw, 1000px\" \/><\/div>\n\t\t<\/figure>\n\t<\/div>\n<\/div><\/div><\/div><\/div><div class=\"vc_row wpb_row vc_row-fluid vc_row-o-equal-height vc_row-o-content-middle vc_row-flex\"><div class=\"wpb_column vc_column_container vc_col-sm-6\"><div class=\"vc_column-inner\"><div class=\"wpb_wrapper\">\n\t<div  class=\"wpb_single_image wpb_content_element vc_align_left wpb_content_element\">\n\t\t\n\t\t<figure class=\"wpb_wrapper vc_figure\">\n\t\t\t<div class=\"vc_single_image-wrapper   vc_box_border_grey\"><img loading=\"lazy\" decoding=\"async\" width=\"1000\" height=\"650\" src=\"https:\/\/dostas.com.tr\/wp-content\/uploads\/2024\/10\/FLYT-DUVE-4.jpg\" class=\"vc_single_image-img attachment-full\" alt=\"\" title=\"FLYT-DU\u0308VE-4\" srcset=\"https:\/\/dostas.com.tr\/wp-content\/uploads\/2024\/10\/FLYT-DUVE-4.jpg 1000w, https:\/\/dostas.com.tr\/wp-content\/uploads\/2024\/10\/FLYT-DUVE-4-300x195.jpg 300w, https:\/\/dostas.com.tr\/wp-content\/uploads\/2024\/10\/FLYT-DUVE-4-768x499.jpg 768w, https:\/\/dostas.com.tr\/wp-content\/uploads\/2024\/10\/FLYT-DUVE-4-750x488.jpg 750w, https:\/\/dostas.com.tr\/wp-content\/uploads\/2024\/10\/FLYT-DUVE-4-540x351.jpg 540w, https:\/\/dostas.com.tr\/wp-content\/uploads\/2024\/10\/FLYT-DUVE-4-600x390.jpg 600w\" sizes=\"(max-width: 1000px) 100vw, 1000px\" \/><\/div>\n\t\t<\/figure>\n\t<\/div>\n\n\t<div  class=\"wpb_single_image wpb_content_element vc_align_left wpb_content_element\">\n\t\t\n\t\t<figure class=\"wpb_wrapper vc_figure\">\n\t\t\t<div class=\"vc_single_image-wrapper   vc_box_border_grey\"><img loading=\"lazy\" decoding=\"async\" width=\"1000\" height=\"650\" src=\"https:\/\/dostas.com.tr\/wp-content\/uploads\/2024\/10\/FLYT-MUTLU-B.-5.jpg\" class=\"vc_single_image-img attachment-full\" alt=\"\" title=\"FLYT-MUTLU B.-5\" srcset=\"https:\/\/dostas.com.tr\/wp-content\/uploads\/2024\/10\/FLYT-MUTLU-B.-5.jpg 1000w, https:\/\/dostas.com.tr\/wp-content\/uploads\/2024\/10\/FLYT-MUTLU-B.-5-300x195.jpg 300w, https:\/\/dostas.com.tr\/wp-content\/uploads\/2024\/10\/FLYT-MUTLU-B.-5-768x499.jpg 768w, https:\/\/dostas.com.tr\/wp-content\/uploads\/2024\/10\/FLYT-MUTLU-B.-5-750x488.jpg 750w, https:\/\/dostas.com.tr\/wp-content\/uploads\/2024\/10\/FLYT-MUTLU-B.-5-540x351.jpg 540w, https:\/\/dostas.com.tr\/wp-content\/uploads\/2024\/10\/FLYT-MUTLU-B.-5-600x390.jpg 600w\" sizes=\"(max-width: 1000px) 100vw, 1000px\" \/><\/div>\n\t\t<\/figure>\n\t<\/div>\n<\/div><\/div><\/div><div class=\"wpb_column vc_column_container vc_col-sm-6\"><div class=\"vc_column-inner\"><div class=\"wpb_wrapper\"><div class=\"aio-icon-component    style_1\"><div id=\"Info-box-wrap-9993\" class=\"aio-icon-box left-icon\" style=\"\"  ><div class=\"aio-ibd-block\"><div class=\"aio-icon-header\" ><h3 class=\"aio-icon-title ult-responsive\"  data-ultimate-target='#Info-box-wrap-9993 .aio-icon-title'  data-responsive-json-new='{\"font-size\":\"\",\"line-height\":\"\"}'  style=\"\">S\u00dcT HAYVANCILI\u011eI<\/h3><\/div> <!-- header --><div class=\"aio-icon-description ult-responsive\"  data-ultimate-target='#Info-box-wrap-9993 .aio-icon-description'  data-responsive-json-new='{\"font-size\":\"\",\"line-height\":\"\"}'  style=\"\">Avrupa Birli\u011fi onayl\u0131 ve hastal\u0131klardan ari \u00e7iftliklerimizde Holstain ve Jersey \u0131rk\u0131 hayvanlar\u0131m\u0131z\u0131n s\u00fct \u00fcretimi amac\u0131yla yeti\u015ftirilmesi ve bak\u0131m\u0131 s\u00fcrecidir. Bu sistemde, hayvanlar d\u00fczenli olarak sa\u011f\u0131l\u0131r ve elde edilen s\u00fct, s\u00fct i\u015fleme tesisleri ve peynir fabrikalar\u0131na tedarik edilmektedir. S\u00fct hayvanc\u0131l\u0131\u011f\u0131, g\u0131da g\u00fcvenli\u011fini sa\u011flamak ve insan beslenmesine katk\u0131da bulunmak a\u00e7\u0131s\u0131ndan b\u00fcy\u00fck \u00f6nem ta\u015f\u0131r. Ayr\u0131ca, hayvanlar\u0131n sa\u011fl\u0131\u011f\u0131, beslenmesi ve genetik \u00f6zellikleri, s\u00fct verimini etkileyen \u00f6nemli fakt\u00f6rlerdir.<\/div> <!-- description --><\/div> <!-- aio-ibd-block --><\/div> <!-- aio-icon-box --><\/div> <!-- aio-icon-component --><div class=\"aio-icon-component    style_1\"><div id=\"Info-box-wrap-4085\" class=\"aio-icon-box left-icon\" style=\"\"  ><div class=\"aio-ibd-block\"><div class=\"aio-icon-header\" ><h3 class=\"aio-icon-title ult-responsive\"  data-ultimate-target='#Info-box-wrap-4085 .aio-icon-title'  data-responsive-json-new='{\"font-size\":\"\",\"line-height\":\"\"}'  style=\"\">Y\u00dcKSEK GENET\u0130KL\u0130 DAMIZLIK D\u00dcVE SATI\u015eI<\/h3><\/div> <!-- header --><div class=\"aio-icon-description ult-responsive\"  data-ultimate-target='#Info-box-wrap-4085 .aio-icon-description'  data-responsive-json-new='{\"font-size\":\"\",\"line-height\":\"\"}'  style=\"\">En y\u00fcksek Amerikan geneti\u011fine sahip olan hayvanlar\u0131m\u0131z T\u00fcrkiye&#8217;nin \u00e7e\u015fitli b\u00f6lgelerinde bulunan i\u015fletmelerine tedarik edilmekte ve bu suretle \u00fclkemizin dam\u0131zl\u0131k s\u00fct s\u0131\u011f\u0131r\u0131 tedari\u011fi bak\u0131m\u0131ndan d\u0131\u015fa ba\u011f\u0131ml\u0131l\u0131\u011f\u0131n\u0131n azalt\u0131lmas\u0131nda katk\u0131da bulunmaktad\u0131r. Bu t\u00fcr d\u00fcveler, genetik \u00f6zellikleri sayesinde y\u00fcksek s\u00fct verimi, iyi besi performans\u0131 ve sa\u011fl\u0131kl\u0131 yavrular \u00fcretme potansiyeline sahiptir.<\/div> <!-- description --><\/div> <!-- aio-ibd-block --><\/div> <!-- aio-icon-box --><\/div> <!-- aio-icon-component --><div class=\"aio-icon-component    style_1\"><div id=\"Info-box-wrap-4781\" class=\"aio-icon-box left-icon\" style=\"\"  ><div class=\"aio-ibd-block\"><div class=\"aio-icon-header\" ><h3 class=\"aio-icon-title ult-responsive\"  data-ultimate-target='#Info-box-wrap-4781 .aio-icon-title'  data-responsive-json-new='{\"font-size\":\"\",\"line-height\":\"\"}'  style=\"\">MUTLU BEBEKLER, SA\u011eLIKLI S\u00dcR\u00dcLER<\/h3><\/div> <!-- header --><div class=\"aio-icon-description ult-responsive\"  data-ultimate-target='#Info-box-wrap-4781 .aio-icon-description'  data-responsive-json-new='{\"font-size\":\"\",\"line-height\":\"\"}'  style=\"\">S\u00fct s\u0131\u011f\u0131rc\u0131l\u0131\u011f\u0131nda ba\u015far\u0131n\u0131n temeli buza\u011flar\u0131n sa\u011fl\u0131kl\u0131 ve uygun \u015fartlarda yeti\u015ftirilmesidir. Bunu sa\u011flamak ad\u0131na buza\u011flar\u0131m\u0131za teknolojinin el verdi\u011fi en \u00fcst standartlarda bak\u0131m sa\u011fl\u0131yor ve mutluluklar\u0131 i\u00e7in var g\u00fcc\u00fcm\u00fcz ile \u00e7al\u0131\u015f\u0131yoruz!<\/div> <!-- description --><\/div> <!-- aio-ibd-block --><\/div> <!-- aio-icon-box --><\/div> <!-- aio-icon-component --><\/div><\/div><\/div><\/div>\n<\/div>","protected":false},"excerpt":{"rendered":"DOSTA\u015eFaaliyetlerimizTARIM Edirne, K\u0131rlareli ve Bal\u0131kesirde bulunan 15.000.000 m2 yi a\u015fk\u0131n tar\u0131m arazimizde yem bitkileri, bu\u011fday, arpa, \u00e7eltik ve saman \u00fcretimleri yap\u0131lmaktad\u0131r. \u00dcretilen \u00fcr\u00fcnler hem \u00e7iftliklerimizde kullan\u0131lmakta hem de T\u00fcrkiye'nin \u00e7e\u015fitli noktalar\u0131na sat\u0131\u015flar\u0131 yap\u0131lmaktad\u0131r. BES\u0130 HAYVANCILI\u011eI Uruguay, Brezilya ve Avrupa'dan ithal etti\u011fimiz \u00fcst\u00fcn besi \u0131rklar\u0131n\u0131n besi hayvanc\u0131l\u0131\u011f\u0131, hayvanlar\u0131n belirli bir s\u00fcre boyunca, genellikle k\u0131sa bir d\u00f6nem [...]","protected":false},"author":1,"featured_media":0,"parent":0,"menu_order":0,"comment_status":"closed","ping_status":"closed","template":"","meta":{"footnotes":""},"class_list":["post-8061","page","type-page","status-publish","hentry"],"_links":{"self":[{"href":"https:\/\/dostas.com.tr\/en\/wp-json\/wp\/v2\/pages\/8061"}],"collection":[{"href":"https:\/\/dostas.com.tr\/en\/wp-json\/wp\/v2\/pages"}],"about":[{"href":"https:\/\/dostas.com.tr\/en\/wp-json\/wp\/v2\/types\/page"}],"author":[{"embeddable":true,"href":"https:\/\/dostas.com.tr\/en\/wp-json\/wp\/v2\/users\/1"}],"replies":[{"embeddable":true,"href":"https:\/\/dostas.com.tr\/en\/wp-json\/wp\/v2\/comments?post=8061"}],"version-history":[{"count":34,"href":"https:\/\/dostas.com.tr\/en\/wp-json\/wp\/v2\/pages\/8061\/revisions"}],"predecessor-version":[{"id":10040,"href":"https:\/\/dostas.com.tr\/en\/wp-json\/wp\/v2\/pages\/8061\/revisions\/10040"}],"wp:attachment":[{"href":"https:\/\/dostas.com.tr\/en\/wp-json\/wp\/v2\/media?parent=8061"}],"curies":[{"name":"wp","href":"https:\/\/api.w.org\/{rel}","templated":true}]}}