{"id":8125,"date":"2017-07-20T11:40:16","date_gmt":"2017-07-20T11:40:16","guid":{"rendered":"https:\/\/dostas.com.tr\/?page_id=8125"},"modified":"2025-02-12T14:17:39","modified_gmt":"2025-02-12T14:17:39","slug":"hakkimizda","status":"publish","type":"page","link":"https:\/\/dostas.com.tr\/en\/hakkimizda\/","title":{"rendered":"HAKKIMIZDA"},"content":{"rendered":"<div class=\"wpb-content-wrapper\"><div class=\"vc_row wpb_row vc_row-fluid\"><div class=\"wpb_column vc_column_container vc_col-sm-12\"><div class=\"vc_column-inner\"><div class=\"wpb_wrapper\"><div class=\"ult-spacer spacer-6a04d8d20f63c\" data-id=\"6a04d8d20f63c\" data-height=\"40\" data-height-mobile=\"20\" data-height-tab=\"30\" data-height-tab-portrait=\"30\" data-height-mobile-landscape=\"20\" style=\"clear:both;display:block;\"><\/div><div class='dt-sc-title script-with-sub-title aligncenter'><h3>HAKKIMIZDA<\/h3><h3><\/h3><\/div>\r\n\t<div class=\"wpb_text_column wpb_content_element  vc_custom_1739369850391\" >\r\n\t\t<div class=\"wpb_wrapper\">\r\n\t\t\t<p style=\"text-align: center;\">1998 y\u0131l\u0131nda kurulmu\u015f olan \u015firketimiz; tar\u0131m ve hayvanc\u0131l\u0131k alan\u0131nda uzun y\u0131llara dayanan tecr\u00fcbesiyle, s\u00fct s\u0131\u011f\u0131rc\u0131l\u0131\u011f\u0131 ve besi s\u0131\u011f\u0131rc\u0131l\u0131\u011f\u0131 \u00fczerine odaklanarak s\u00fcrd\u00fcr\u00fclebilir bir gelece\u011fe katk\u0131da bulunmay\u0131 ama\u00e7lamaktad\u0131r.<\/p>\n<p style=\"text-align: center;\">Kaliteli ve sa\u011fl\u0131kl\u0131 hayvansal \u00fcr\u00fcnler \u00fcretmek, hem \u00fcreticilerin hem de t\u00fcketicilerin beklentilerini\u00a0kar\u015f\u0131lamak i\u00e7in en son teknolojileri kullan\u0131yoruz.<\/p>\n<p style=\"text-align: center;\">Amac\u0131m\u0131z, hayvan sa\u011fl\u0131k ve refah\u0131n\u0131 \u00f6n planda tutarak, y\u00fcksek kalitede \u00fcr\u00fcnler ortaya \u00e7\u0131karmak ve\u00a0bunun yan\u0131 s\u0131ra elde edece\u011fimiz y\u00fcksek s\u0131\u011f\u0131r geneti\u011fi ile \u00fclkemizin bu alandaki d\u0131\u015fa ba\u011f\u0131ml\u0131l\u0131\u011f\u0131n\u0131n azalt\u0131lmas\u0131nda aktif rol oynamak.<\/p>\n<p style=\"text-align: center;\">Bizimle birlikte, daha ye\u015fil ve s\u00fcrd\u00fcr\u00fclebilir bir tar\u0131m gelece\u011fine ad\u0131m atabilirsiniz.<\/p>\n<p style=\"text-align: center;\">Sizinle birlikte b\u00fcy\u00fcmek ve geli\u015fmek i\u00e7in buraday\u0131z!<\/p>\n\r\n\t\t<\/div>\r\n\t<\/div>\r\n<div class=\"ult-spacer spacer-6a04d8d20f9bc\" data-id=\"6a04d8d20f9bc\" data-height=\"40\" data-height-mobile=\"20\" data-height-tab=\"30\" data-height-tab-portrait=\"30\" data-height-mobile-landscape=\"20\" style=\"clear:both;display:block;\"><\/div>\r\n\t<div class=\"wpb_text_column wpb_content_element\" >\r\n\t\t<div class=\"wpb_wrapper\">\r\n\t\t\t<style> .vc_custom_1729804257592 {margin-bottom: 35px !important;<br \/>    padding-bottom: 0px !important;}<\/style>\n\r\n\t\t<\/div>\r\n\t<\/div>\r\n<div class=\"vc_row wpb_row vc_inner vc_row-fluid\"><div class=\"wpb_column vc_column_container vc_col-sm-6\"><div class=\"vc_column-inner\"><div class=\"wpb_wrapper\"><div class='dt-sc-image-caption  img-hover'><div class='dt-sc-image-wrapper'><img loading=\"lazy\" decoding=\"async\" width=\"1000\" height=\"650\" src=\"https:\/\/dostas.com.tr\/wp-content\/uploads\/2024\/10\/hk-4.jpg\" class=\"attachment-full\" alt=\"\" title=\"hk-4\" srcset=\"https:\/\/dostas.com.tr\/wp-content\/uploads\/2024\/10\/hk-4.jpg 1000w, https:\/\/dostas.com.tr\/wp-content\/uploads\/2024\/10\/hk-4-300x195.jpg 300w, https:\/\/dostas.com.tr\/wp-content\/uploads\/2024\/10\/hk-4-768x499.jpg 768w, https:\/\/dostas.com.tr\/wp-content\/uploads\/2024\/10\/hk-4-750x488.jpg 750w, https:\/\/dostas.com.tr\/wp-content\/uploads\/2024\/10\/hk-4-540x351.jpg 540w, https:\/\/dostas.com.tr\/wp-content\/uploads\/2024\/10\/hk-4-600x390.jpg 600w\" sizes=\"(max-width: 1000px) 100vw, 1000px\" \/><\/div><div class='dt-sc-image-content without-additional-content'><div class='dt-sc-image-title'><h3>V\u0130ZYONUMUZ<\/h3><\/div><p><p style=\"text-align: center;\">Vizyonumuz, faaliyetlerimiz esnas\u0131nda kulland\u0131\u011f\u0131m\u0131z yemlerimizden, hayvan altl\u0131klar\u0131m\u0131za t\u00fcm kalemleri m\u00fcmk\u00fcn oldu\u011funca kendimiz \u00fcreterek do\u011faya geri d\u00f6n\u00fc\u015f\u00fcn\u00fc sa\u011flamak suretiyle s\u00fcrd\u00fcr\u00fclebilir tar\u0131m ve hayvanc\u0131l\u0131k uygulamalar\u0131yla, sekt\u00f6rde lider bir firma olarak tan\u0131nmak ve sa\u011fl\u0131kl\u0131, kaliteli hayvansal \u00fcr\u00fcnler sunarak toplumun beslenme ihtiya\u00e7lar\u0131n\u0131 kar\u015f\u0131lamakt\u0131r.<\/p>\n<p style=\"text-align: center;\">S\u00fct s\u0131\u011f\u0131rc\u0131l\u0131\u011f\u0131 ve besi s\u0131\u011f\u0131rc\u0131l\u0131\u011f\u0131 alan\u0131nda, inovasyon ve teknolojiyle desteklenen, \u00e7evreye duyarl\u0131 bir \u00fcretim modeli geli\u015ftirmeyi hedefliyoruz. B\u00f6ylece, hem hayvan refah\u0131n\u0131\u00a0\u00f6n planda tutan hem de do\u011fal kaynaklar\u0131 koruyan bir anlay\u0131\u015f\u0131 benimseyerek, gelecek nesillere\u00a0daha ya\u015fanabilir bir d\u00fcnya b\u0131rakmay\u0131 ama\u00e7l\u0131yoruz.<\/p>\n<p style=\"text-align: center;\">Canl\u0131 hayvan sat\u0131\u015f\u0131nda g\u00fcvenilirlik ve \u015feffafl\u0131k ilkesini benimseyerek, m\u00fc\u015fterilerimizin en y\u00fcksek\u00a0standartlara ula\u015fmas\u0131na yard\u0131mc\u0131 olmay\u0131 arzuluyoruz. Tar\u0131m sekt\u00f6r\u00fcnde s\u00fcrd\u00fcr\u00fclebilirlik anlay\u0131\u015f\u0131m\u0131zla,\u00a0\u00e7ift\u00e7ilerimize bilgi ve destek sa\u011flayarak, rekabet\u00e7i ve verimli bir ekosistem olu\u015fturmay\u0131 hedefliyoruz.<\/p>\n<p style=\"text-align: center;\">Gelece\u011fin tar\u0131m\u0131n\u0131 birlikte in\u015fa etmek i\u00e7in kararl\u0131l\u0131kla \u00e7al\u0131\u015f\u0131yoruz.<\/p><\/p><\/div><\/div><\/div><\/div><\/div><div class=\"wpb_column vc_column_container vc_col-sm-6\"><div class=\"vc_column-inner\"><div class=\"wpb_wrapper\"><div class='dt-sc-image-caption  img-hover'><div class='dt-sc-image-wrapper'><img loading=\"lazy\" decoding=\"async\" width=\"1000\" height=\"650\" src=\"https:\/\/dostas.com.tr\/wp-content\/uploads\/2024\/10\/hk-1.jpg\" class=\"attachment-full\" alt=\"\" title=\"hk-1\" srcset=\"https:\/\/dostas.com.tr\/wp-content\/uploads\/2024\/10\/hk-1.jpg 1000w, https:\/\/dostas.com.tr\/wp-content\/uploads\/2024\/10\/hk-1-300x195.jpg 300w, https:\/\/dostas.com.tr\/wp-content\/uploads\/2024\/10\/hk-1-768x499.jpg 768w, https:\/\/dostas.com.tr\/wp-content\/uploads\/2024\/10\/hk-1-750x488.jpg 750w, https:\/\/dostas.com.tr\/wp-content\/uploads\/2024\/10\/hk-1-540x351.jpg 540w, https:\/\/dostas.com.tr\/wp-content\/uploads\/2024\/10\/hk-1-600x390.jpg 600w\" sizes=\"(max-width: 1000px) 100vw, 1000px\" \/><\/div><div class='dt-sc-image-content without-additional-content'><div class='dt-sc-image-title'><h3>M\u0130SYONUMUZ<\/h3><\/div><p><p style=\"text-align: center;\">Misyonumuz, s\u00fct s\u0131\u011f\u0131rc\u0131l\u0131\u011f\u0131 ve besi s\u0131\u011f\u0131rc\u0131l\u0131\u011f\u0131 alan\u0131nda en y\u00fcksek kaliteyi sunarak, sa\u011fl\u0131kl\u0131 ve g\u00fcvenilir\u00a0hayvansal \u00fcr\u00fcnler \u00fcretmektir. S\u00fcrd\u00fcr\u00fclebilir tar\u0131m uygulamalar\u0131yla, \u00e7evreyi korurken \u00fcretkenli\u011fi\u00a0art\u0131rmay\u0131 ama\u00e7l\u0131yoruz. M\u00fc\u015fterilerimize canl\u0131 hayvan sat\u0131\u015f\u0131nda g\u00fcvenilir ve kaliteli hizmet sunarak, onlar\u0131n ihtiya\u00e7lar\u0131na en uygun\u00a0\u00e7\u00f6z\u00fcmleri sa\u011flamay\u0131 taahh\u00fct ediyoruz. Hayvan sa\u011fl\u0131\u011f\u0131na ve refah\u0131na \u00f6ncelik vererek, sekt\u00f6rdeki en iyi\u00a0uygulamalar\u0131 benimsemekteyiz.<\/p>\n<p style=\"text-align: center;\">Tar\u0131m toplulu\u011funa de\u011fer katarak, \u00e7ift\u00e7ilerimizin rekabet g\u00fcc\u00fcn\u00fc art\u0131rmay\u0131 ve gelece\u011fin tar\u0131m\u0131n\u0131\u00a0\u015fekillendirmeyi hedefliyoruz. S\u00fcrd\u00fcr\u00fclebilir bir gelecek i\u00e7in birlikte \u00e7al\u0131\u015fmay\u0131 ve yenilik\u00e7i \u00e7\u00f6z\u00fcmler\u00a0geli\u015ftirmeyi misyon ediniyoruz.<\/p><\/p><\/div><\/div><\/div><\/div><\/div><\/div><\/div><\/div><\/div><\/div><div class=\"vc_row wpb_row vc_row-fluid\"><div class=\"wpb_column vc_column_container vc_col-sm-12\"><div class=\"vc_column-inner\"><div class=\"wpb_wrapper\"><div class=\"ult-spacer spacer-6a04d8d211dbe\" data-id=\"6a04d8d211dbe\" data-height=\"40\" data-height-mobile=\"20\" data-height-tab=\"30\" data-height-tab-portrait=\"30\" data-height-mobile-landscape=\"20\" style=\"clear:both;display:block;\"><\/div><div class='dt-sc-title script-with-sub-title aligncenter'><h6><\/h6><h3>Mutlu Bebekler, Sa\u011fl\u0131kl\u0131 S\u00fcr\u00fcler<\/h3><\/div><div class=\"ult-spacer spacer-6a04d8d211df4\" data-id=\"6a04d8d211df4\" data-height=\"40\" data-height-mobile=\"20\" data-height-tab=\"30\" data-height-tab-portrait=\"30\" data-height-mobile-landscape=\"20\" style=\"clear:both;display:block;\"><\/div><\/div><\/div><\/div><\/div><div data-vc-full-width=\"true\" data-vc-full-width-init=\"false\" data-vc-stretch-content=\"true\" class=\"vc_row wpb_row vc_row-fluid vc_row-no-padding\"><div class=\"rs_col-sm-12 wpb_column vc_column_container vc_col-sm-4\"><div class=\"vc_column-inner\"><div class=\"wpb_wrapper\">\n\t<div  class=\"wpb_single_image wpb_content_element vc_align_left wpb_content_element vc_custom_1729804257592\">\n\t\t\n\t\t<figure class=\"wpb_wrapper vc_figure\">\n\t\t\t<div class=\"vc_single_image-wrapper   vc_box_border_grey\"><img loading=\"lazy\" decoding=\"async\" width=\"1000\" height=\"650\" src=\"https:\/\/dostas.com.tr\/wp-content\/uploads\/2024\/10\/hk-2.jpg\" class=\"vc_single_image-img attachment-full\" alt=\"\" title=\"hk-2\" srcset=\"https:\/\/dostas.com.tr\/wp-content\/uploads\/2024\/10\/hk-2.jpg 1000w, https:\/\/dostas.com.tr\/wp-content\/uploads\/2024\/10\/hk-2-300x195.jpg 300w, https:\/\/dostas.com.tr\/wp-content\/uploads\/2024\/10\/hk-2-768x499.jpg 768w, https:\/\/dostas.com.tr\/wp-content\/uploads\/2024\/10\/hk-2-750x488.jpg 750w, https:\/\/dostas.com.tr\/wp-content\/uploads\/2024\/10\/hk-2-540x351.jpg 540w, https:\/\/dostas.com.tr\/wp-content\/uploads\/2024\/10\/hk-2-600x390.jpg 600w\" sizes=\"(max-width: 1000px) 100vw, 1000px\" \/><\/div>\n\t\t<\/figure>\n\t<\/div>\n<\/div><\/div><\/div><div class=\"rs_col-sm-12 wpb_column vc_column_container vc_col-sm-4\"><div class=\"vc_column-inner\" style=\" text-align:center; \"><div class=\"wpb_wrapper\">\n\t<div  class=\"wpb_single_image wpb_content_element vc_align_left wpb_content_element\">\n\t\t\n\t\t<figure class=\"wpb_wrapper vc_figure\">\n\t\t\t<div class=\"vc_single_image-wrapper   vc_box_border_grey\"><img loading=\"lazy\" decoding=\"async\" width=\"1000\" height=\"650\" src=\"https:\/\/dostas.com.tr\/wp-content\/uploads\/2024\/10\/hk-5.jpg\" class=\"vc_single_image-img attachment-full\" alt=\"\" title=\"hk-5\" srcset=\"https:\/\/dostas.com.tr\/wp-content\/uploads\/2024\/10\/hk-5.jpg 1000w, https:\/\/dostas.com.tr\/wp-content\/uploads\/2024\/10\/hk-5-300x195.jpg 300w, https:\/\/dostas.com.tr\/wp-content\/uploads\/2024\/10\/hk-5-768x499.jpg 768w, https:\/\/dostas.com.tr\/wp-content\/uploads\/2024\/10\/hk-5-750x488.jpg 750w, https:\/\/dostas.com.tr\/wp-content\/uploads\/2024\/10\/hk-5-540x351.jpg 540w, https:\/\/dostas.com.tr\/wp-content\/uploads\/2024\/10\/hk-5-600x390.jpg 600w\" sizes=\"(max-width: 1000px) 100vw, 1000px\" \/><\/div>\n\t\t<\/figure>\n\t<\/div>\n<\/div><\/div><\/div><div class=\"rs_col-sm-12 wpb_column vc_column_container vc_col-sm-4\"><div class=\"vc_column-inner\"><div class=\"wpb_wrapper\">\n\t<div  class=\"wpb_single_image wpb_content_element vc_align_left wpb_content_element\">\n\t\t\n\t\t<figure class=\"wpb_wrapper vc_figure\">\n\t\t\t<div class=\"vc_single_image-wrapper   vc_box_border_grey\"><img loading=\"lazy\" decoding=\"async\" width=\"1000\" height=\"650\" src=\"https:\/\/dostas.com.tr\/wp-content\/uploads\/2024\/10\/hk-3-1.jpg\" class=\"vc_single_image-img attachment-full\" alt=\"\" title=\"hk-3\" srcset=\"https:\/\/dostas.com.tr\/wp-content\/uploads\/2024\/10\/hk-3-1.jpg 1000w, https:\/\/dostas.com.tr\/wp-content\/uploads\/2024\/10\/hk-3-1-300x195.jpg 300w, https:\/\/dostas.com.tr\/wp-content\/uploads\/2024\/10\/hk-3-1-768x499.jpg 768w, https:\/\/dostas.com.tr\/wp-content\/uploads\/2024\/10\/hk-3-1-750x488.jpg 750w, https:\/\/dostas.com.tr\/wp-content\/uploads\/2024\/10\/hk-3-1-540x351.jpg 540w, https:\/\/dostas.com.tr\/wp-content\/uploads\/2024\/10\/hk-3-1-600x390.jpg 600w\" sizes=\"(max-width: 1000px) 100vw, 1000px\" \/><\/div>\n\t\t<\/figure>\n\t<\/div>\n<\/div><\/div><\/div><\/div><div class=\"vc_row-full-width vc_clearfix\"><\/div>\n<\/div>","protected":false},"excerpt":{"rendered":"HAKKIMIZDA 1998 y\u0131l\u0131nda kurulmu\u015f olan \u015firketimiz; tar\u0131m ve hayvanc\u0131l\u0131k alan\u0131nda uzun y\u0131llara dayanan tecr\u00fcbesiyle, s\u00fct s\u0131\u011f\u0131rc\u0131l\u0131\u011f\u0131 ve besi s\u0131\u011f\u0131rc\u0131l\u0131\u011f\u0131 \u00fczerine odaklanarak s\u00fcrd\u00fcr\u00fclebilir bir gelece\u011fe katk\u0131da bulunmay\u0131 ama\u00e7lamaktad\u0131r. Kaliteli ve sa\u011fl\u0131kl\u0131 hayvansal \u00fcr\u00fcnler \u00fcretmek, hem \u00fcreticilerin hem de t\u00fcketicilerin beklentilerini\u00a0kar\u015f\u0131lamak i\u00e7in en son teknolojileri kullan\u0131yoruz. Amac\u0131m\u0131z, hayvan sa\u011fl\u0131k ve refah\u0131n\u0131 \u00f6n planda tutarak, y\u00fcksek kalitede \u00fcr\u00fcnler [...]","protected":false},"author":1,"featured_media":0,"parent":0,"menu_order":0,"comment_status":"closed","ping_status":"closed","template":"","meta":{"footnotes":""},"class_list":["post-8125","page","type-page","status-publish","hentry"],"_links":{"self":[{"href":"https:\/\/dostas.com.tr\/en\/wp-json\/wp\/v2\/pages\/8125"}],"collection":[{"href":"https:\/\/dostas.com.tr\/en\/wp-json\/wp\/v2\/pages"}],"about":[{"href":"https:\/\/dostas.com.tr\/en\/wp-json\/wp\/v2\/types\/page"}],"author":[{"embeddable":true,"href":"https:\/\/dostas.com.tr\/en\/wp-json\/wp\/v2\/users\/1"}],"replies":[{"embeddable":true,"href":"https:\/\/dostas.com.tr\/en\/wp-json\/wp\/v2\/comments?post=8125"}],"version-history":[{"count":43,"href":"https:\/\/dostas.com.tr\/en\/wp-json\/wp\/v2\/pages\/8125\/revisions"}],"predecessor-version":[{"id":10092,"href":"https:\/\/dostas.com.tr\/en\/wp-json\/wp\/v2\/pages\/8125\/revisions\/10092"}],"wp:attachment":[{"href":"https:\/\/dostas.com.tr\/en\/wp-json\/wp\/v2\/media?parent=8125"}],"curies":[{"name":"wp","href":"https:\/\/api.w.org\/{rel}","templated":true}]}}