{"id":8514,"date":"2017-07-31T06:52:56","date_gmt":"2017-07-31T06:52:56","guid":{"rendered":"https:\/\/dostas.com.tr\/?page_id=8514"},"modified":"2024-11-05T11:43:45","modified_gmt":"2024-11-05T11:43:45","slug":"iletisim","status":"publish","type":"page","link":"https:\/\/dostas.com.tr\/en\/iletisim\/","title":{"rendered":"\u0130LET\u0130\u015e\u0130M"},"content":{"rendered":"<div class=\"wpb-content-wrapper\"><div class=\"vc_row wpb_row vc_row-fluid\"><div class=\"wpb_column vc_column_container vc_col-sm-12\"><div class=\"vc_column-inner\"><div class=\"wpb_wrapper\"><div class=\"ult-spacer spacer-6a04db4b5388d\" data-id=\"6a04db4b5388d\" data-height=\"50\" data-height-mobile=\"50\" data-height-tab=\"50\" data-height-tab-portrait=\"50\" data-height-mobile-landscape=\"50\" style=\"clear:both;display:block;\"><\/div><\/div><\/div><\/div><\/div><div class=\"vc_row wpb_row vc_row-fluid\"><div class=\"rs_col-sm-12 wpb_column vc_column_container vc_col-sm-5\"><div class=\"vc_column-inner\"><div class=\"wpb_wrapper\"><div class='dt-sc-title script-with-sub-title'><h2><\/h2><h3>Merkez Ofis<\/h3><\/div>Halkal\u0131 Merkez Mahallesi Bas\u0131n Ekspres Caddesi No:9 Capital Tower 8.Kat\nPT: 34303 K\u00dc\u00c7\u00dcK\u00c7EKMECE \u2013 \u0130STANBUL<\/div><\/div><\/div><div class=\"rs_col-sm-12 wpb_column vc_column_container vc_col-sm-1\"><div class=\"vc_column-inner\"><div class=\"wpb_wrapper\"><\/div><\/div><\/div><div class=\"rs_col-sm-12 wpb_column vc_column_container vc_col-sm-6\"><div class=\"vc_column-inner\"><div class=\"wpb_wrapper\"><div id=\"responsive_map-455048250\" class=\"responsive-map\" style=\"height:300px;width:100%;\"><\/div>\t\t<script type=\"text\/javascript\">\r\n\t\t\tjQuery(document).ready(function($){\r\n\r\n\t\t\t\tvar mapdiv = jQuery(\"#responsive_map-455048250\");\r\n\t\t\t\tmapdiv.gMap({\r\n\t\t\t\t\tmaptype: google.maps.MapTypeId.ROADMAP,\r\n\t\t\t\t\tzoom: 12,\r\n\t\t\t\t\tlatitude: null,\r\n\t\t\t\t\tlongitude: null,\r\n\t\t\t\t\tstreetViewControl:true,\r\n\t\t\t\t\tmapTypeControl:true,\r\n\t\t\t\t\tzoomControl:true,\r\n\t\t\t\t\tscaleControl:false,\r\n\t\t\t\t\tscrollwheel:true,\r\n\t\t\t\t\tdraggable:true,\r\n\t\t\t\t\tstyles:[{\"stylers\":[{\"featureType\":\"all\"}]}],\r\n\t\t\t\t\tmarkers: [{flat: true,key:\"1\",latitude:\"41.0353877\",longitude:\"28.8100961\",icon: { image:\"https:\/\/dostas.com.tr\/wp-content\/plugins\/designthemes-core-features\/shortcodes\/images\/markers\/green.png\" },}],\r\n\t\t\t\t\tpanControl: true,\r\n\t\t\t\t\toverviewMapControl:true,\r\n\t\t\t\t});\r\n\t\t\t});\r\n\t\t<\/script><\/div><\/div><\/div><\/div><div class=\"vc_row wpb_row vc_row-fluid\"><div class=\"rs_col-sm-12 wpb_column vc_column_container vc_col-sm-5\"><div class=\"vc_column-inner\"><div class=\"wpb_wrapper\"><div class='dt-sc-title script-with-sub-title'><h2><\/h2><h3>DEM\u0130RK\u00d6Y<\/h3><\/div>YEN\u0130 MAHALLE F\u0130DANLIK CADDES\u0130 NO:2\/B\nPT: 39650 DEM\u0130RK\u00d6Y \u2013 KIRKLAREL\u0130<\/div><\/div><\/div><div class=\"rs_col-sm-12 wpb_column vc_column_container vc_col-sm-1\"><div class=\"vc_column-inner\"><div class=\"wpb_wrapper\"><\/div><\/div><\/div><div class=\"rs_col-sm-12 wpb_column vc_column_container vc_col-sm-6\"><div class=\"vc_column-inner\"><div class=\"wpb_wrapper\"><div id=\"responsive_map-346770300\" class=\"responsive-map\" style=\"height:300px;width:100%;\"><\/div>\t\t<script type=\"text\/javascript\">\r\n\t\t\tjQuery(document).ready(function($){\r\n\r\n\t\t\t\tvar mapdiv = jQuery(\"#responsive_map-346770300\");\r\n\t\t\t\tmapdiv.gMap({\r\n\t\t\t\t\tmaptype: google.maps.MapTypeId.ROADMAP,\r\n\t\t\t\t\tzoom: 12,\r\n\t\t\t\t\tlatitude: null,\r\n\t\t\t\t\tlongitude: null,\r\n\t\t\t\t\tstreetViewControl:true,\r\n\t\t\t\t\tmapTypeControl:true,\r\n\t\t\t\t\tzoomControl:true,\r\n\t\t\t\t\tscaleControl:false,\r\n\t\t\t\t\tscrollwheel:true,\r\n\t\t\t\t\tdraggable:true,\r\n\t\t\t\t\tstyles:[{\"stylers\":[{\"featureType\":\"all\"}]}],\r\n\t\t\t\t\tmarkers: [{flat: true,key:\"1\",latitude:\"41.0353877\",longitude:\"28.8100961\",icon: { image:\"https:\/\/dostas.com.tr\/wp-content\/plugins\/designthemes-core-features\/shortcodes\/images\/markers\/green.png\" },}],\r\n\t\t\t\t\tpanControl: true,\r\n\t\t\t\t\toverviewMapControl:true,\r\n\t\t\t\t});\r\n\t\t\t});\r\n\t\t<\/script><div id=\"1730409556998-708e52bd-7251\" class=\"dt-sc-empty-space\"><\/div><\/div><\/div><\/div><\/div><div class=\"vc_row wpb_row vc_row-fluid\"><div class=\"rs_col-sm-12 wpb_column vc_column_container vc_col-sm-5\"><div class=\"vc_column-inner\"><div class=\"wpb_wrapper\"><div class='dt-sc-title script-with-sub-title'><h2><\/h2><h3>DOSTA\u015e OSMANCIK \u00c7\u0130FTL\u0130\u011e\u0130<\/h3><\/div>OSMANCIK K\u00d6Y\u00dc DOSTA\u015e \u00c7\u0130FTL\u0130\u011e\u0130\nL\u00dcLEBURGAZ \u2013 KIRKLAREL\u0130<\/div><\/div><\/div><div class=\"rs_col-sm-12 wpb_column vc_column_container vc_col-sm-1\"><div class=\"vc_column-inner\"><div class=\"wpb_wrapper\"><\/div><\/div><\/div><div class=\"rs_col-sm-12 wpb_column vc_column_container vc_col-sm-6\"><div class=\"vc_column-inner\"><div class=\"wpb_wrapper\"><div id=\"responsive_map-1663940662\" class=\"responsive-map\" style=\"height:300px;width:100%;\"><\/div>\t\t<script type=\"text\/javascript\">\r\n\t\t\tjQuery(document).ready(function($){\r\n\r\n\t\t\t\tvar mapdiv = jQuery(\"#responsive_map-1663940662\");\r\n\t\t\t\tmapdiv.gMap({\r\n\t\t\t\t\tmaptype: google.maps.MapTypeId.ROADMAP,\r\n\t\t\t\t\tzoom: 12,\r\n\t\t\t\t\tlatitude: null,\r\n\t\t\t\t\tlongitude: null,\r\n\t\t\t\t\tstreetViewControl:true,\r\n\t\t\t\t\tmapTypeControl:true,\r\n\t\t\t\t\tzoomControl:true,\r\n\t\t\t\t\tscaleControl:false,\r\n\t\t\t\t\tscrollwheel:true,\r\n\t\t\t\t\tdraggable:true,\r\n\t\t\t\t\tstyles:[{\"stylers\":[{\"featureType\":\"all\"}]}],\r\n\t\t\t\t\tmarkers: [{flat: true,key:\"1\",latitude:\"041.550209\",longitude:\"27.42999\",icon: { image:\"https:\/\/dostas.com.tr\/wp-content\/plugins\/designthemes-core-features\/shortcodes\/images\/markers\/green.png\" },}],\r\n\t\t\t\t\tpanControl: true,\r\n\t\t\t\t\toverviewMapControl:true,\r\n\t\t\t\t});\r\n\t\t\t});\r\n\t\t<\/script><div id=\"1730409564523-ba0c73c9-b7a2\" class=\"dt-sc-empty-space\"><\/div><\/div><\/div><\/div><\/div><div class=\"vc_row wpb_row vc_row-fluid\"><div class=\"rs_col-sm-12 wpb_column vc_column_container vc_col-sm-5\"><div class=\"vc_column-inner\"><div class=\"wpb_wrapper\"><div class='dt-sc-title script-with-sub-title'><h2><\/h2><h3>DOSTA\u015e ERG\u0130N \u00c7\u0130FTL\u0130\u011e\u0130<\/h3><\/div>BURGAZ YOLU MEVK\u0130\u0130\nPT: 39750 L\u00dcLEBURGAZ &#8211; KIRKLAREL\u0130<\/p>\n<p>Tel: +90 212 670 49 31<\/div><\/div><\/div><div class=\"rs_col-sm-12 wpb_column vc_column_container vc_col-sm-1\"><div class=\"vc_column-inner\"><div class=\"wpb_wrapper\"><\/div><\/div><\/div><div class=\"rs_col-sm-12 wpb_column vc_column_container vc_col-sm-6\"><div class=\"vc_column-inner\"><div class=\"wpb_wrapper\"><div id=\"responsive_map-1557543142\" class=\"responsive-map\" style=\"height:300px;width:100%;\"><\/div>\t\t<script type=\"text\/javascript\">\r\n\t\t\tjQuery(document).ready(function($){\r\n\r\n\t\t\t\tvar mapdiv = jQuery(\"#responsive_map-1557543142\");\r\n\t\t\t\tmapdiv.gMap({\r\n\t\t\t\t\tmaptype: google.maps.MapTypeId.ROADMAP,\r\n\t\t\t\t\tzoom: 12,\r\n\t\t\t\t\tlatitude: null,\r\n\t\t\t\t\tlongitude: null,\r\n\t\t\t\t\tstreetViewControl:true,\r\n\t\t\t\t\tmapTypeControl:true,\r\n\t\t\t\t\tzoomControl:true,\r\n\t\t\t\t\tscaleControl:false,\r\n\t\t\t\t\tscrollwheel:true,\r\n\t\t\t\t\tdraggable:true,\r\n\t\t\t\t\tstyles:[{\"stylers\":[{\"featureType\":\"all\"}]}],\r\n\t\t\t\t\tmarkers: [{flat: true,key:\"1\",latitude:\"41.5062232\",longitude:\"27.2799763\",icon: { image:\"https:\/\/dostas.com.tr\/wp-content\/plugins\/designthemes-core-features\/shortcodes\/images\/markers\/green.png\" },}],\r\n\t\t\t\t\tpanControl: true,\r\n\t\t\t\t\toverviewMapControl:true,\r\n\t\t\t\t});\r\n\t\t\t});\r\n\t\t<\/script><\/div><\/div><\/div><\/div>\n<\/div>","protected":false},"excerpt":{"rendered":"Merkez OfisHalkal\u0131 Merkez Mahallesi Bas\u0131n Ekspres Caddesi No:9 Capital Tower 8.Kat PT: 34303 K\u00dc\u00c7\u00dcK\u00c7EKMECE \u2013 \u0130STANBUL DEM\u0130RK\u00d6YYEN\u0130 MAHALLE F\u0130DANLIK CADDES\u0130 NO:2\/B PT: 39650 DEM\u0130RK\u00d6Y \u2013 KIRKLAREL\u0130 DOSTA\u015e OSMANCIK \u00c7\u0130FTL\u0130\u011e\u0130OSMANCIK K\u00d6Y\u00dc DOSTA\u015e \u00c7\u0130FTL\u0130\u011e\u0130 L\u00dcLEBURGAZ \u2013 KIRKLAREL\u0130 DOSTA\u015e ERG\u0130N \u00c7\u0130FTL\u0130\u011e\u0130BURGAZ YOLU MEVK\u0130\u0130 PT: 39750 L\u00dcLEBURGAZ - KIRKLAREL\u0130 Tel: +90 212 670 49 31","protected":false},"author":1,"featured_media":0,"parent":0,"menu_order":0,"comment_status":"closed","ping_status":"closed","template":"","meta":{"footnotes":""},"class_list":["post-8514","page","type-page","status-publish","hentry"],"_links":{"self":[{"href":"https:\/\/dostas.com.tr\/en\/wp-json\/wp\/v2\/pages\/8514"}],"collection":[{"href":"https:\/\/dostas.com.tr\/en\/wp-json\/wp\/v2\/pages"}],"about":[{"href":"https:\/\/dostas.com.tr\/en\/wp-json\/wp\/v2\/types\/page"}],"author":[{"embeddable":true,"href":"https:\/\/dostas.com.tr\/en\/wp-json\/wp\/v2\/users\/1"}],"replies":[{"embeddable":true,"href":"https:\/\/dostas.com.tr\/en\/wp-json\/wp\/v2\/comments?post=8514"}],"version-history":[{"count":14,"href":"https:\/\/dostas.com.tr\/en\/wp-json\/wp\/v2\/pages\/8514\/revisions"}],"predecessor-version":[{"id":10086,"href":"https:\/\/dostas.com.tr\/en\/wp-json\/wp\/v2\/pages\/8514\/revisions\/10086"}],"wp:attachment":[{"href":"https:\/\/dostas.com.tr\/en\/wp-json\/wp\/v2\/media?parent=8514"}],"curies":[{"name":"wp","href":"https:\/\/api.w.org\/{rel}","templated":true}]}}