{"id":9815,"date":"2024-10-24T21:45:48","date_gmt":"2024-10-24T21:45:48","guid":{"rendered":"https:\/\/dostas.com.tr\/?page_id=9815"},"modified":"2024-10-31T21:33:45","modified_gmt":"2024-10-31T21:33:45","slug":"surdurulebilirlik","status":"publish","type":"page","link":"https:\/\/dostas.com.tr\/en\/surdurulebilirlik\/","title":{"rendered":"S\u00dcRD\u00dcR\u00dcLEB\u0130L\u0130RL\u0130K"},"content":{"rendered":"<div class=\"wpb-content-wrapper\"><div class=\"vc_row wpb_row vc_row-fluid\"><div class=\"wpb_column vc_column_container vc_col-sm-12\"><div class=\"vc_column-inner\"><div class=\"wpb_wrapper\"><div class=\"ult-spacer spacer-6a04d6f7b59e7\" data-id=\"6a04d6f7b59e7\" data-height=\"40\" data-height-mobile=\"20\" data-height-tab=\"30\" data-height-tab-portrait=\"30\" data-height-mobile-landscape=\"20\" style=\"clear:both;display:block;\"><\/div><div class='dt-sc-title script-with-sub-title aligncenter'><h3>S\u00dcRD\u00dcR\u00dcLEB\u0130L\u0130RL\u0130K<\/h3><h3><\/h3><\/div>\r\n\t<div class=\"wpb_text_column wpb_content_element  vc_custom_1729806447468\" >\r\n\t\t<div class=\"wpb_wrapper\">\r\n\t\t\t<p style=\"text-align: center;\">Grup \u015firketlerimizden Salk\u0131m Orman \u00dcr\u00fcnleri San. Tic. A.\u015e.&#8217; nin sahip oldu\u011fu fabrikalar\u0131ndaki \u00fcretim proseslerinden ortaya \u00e7\u0131kan kat\u0131ks\u0131z, do\u011fal ve kuru odun tala\u015flar\u0131 \u00e7iftliklerimizde hayvan altl\u0131\u011f\u0131 olarak kullan\u0131lmaktad\u0131r.<br \/>\nBu suretle hem sa\u011fl\u0131kl\u0131 \u015fekilde hayvan bak\u0131m\u0131 ger\u00e7ekle\u015ftirmekte hem de altl\u0131k de\u011fi\u015fimleri s\u0131ras\u0131nda \u00e7\u0131kar\u0131lan y\u00fcksek kaliteli tala\u015fl\u0131 g\u00fcbre yemlik bitki \u00fcretimi yap\u0131lan tarlalar\u0131m\u0131zda kullan\u0131lmaktad\u0131r. Bu tarlalarda \u00fcretilen \u00fcr\u00fcnler ise hasat edilerek yine hayvanlar\u0131m\u0131z\u0131n beslenmesi i\u00e7in kullan\u0131lmaktad\u0131r.<\/p>\n\r\n\t\t<\/div>\r\n\t<\/div>\r\n<div class=\"ult-spacer spacer-6a04d6f7b5f68\" data-id=\"6a04d6f7b5f68\" data-height=\"40\" data-height-mobile=\"20\" data-height-tab=\"30\" data-height-tab-portrait=\"30\" data-height-mobile-landscape=\"20\" style=\"clear:both;display:block;\"><\/div><\/div><\/div><\/div><\/div><div data-vc-full-width=\"true\" data-vc-full-width-init=\"false\" data-vc-stretch-content=\"true\" class=\"vc_row wpb_row vc_row-fluid vc_row-no-padding\"><div class=\"rs_col-sm-12 wpb_column vc_column_container vc_col-sm-4\"><div class=\"vc_column-inner\"><div class=\"wpb_wrapper\">\n\t<div  class=\"wpb_single_image wpb_content_element vc_align_left wpb_content_element vc_custom_1729806504622\">\n\t\t\n\t\t<figure class=\"wpb_wrapper vc_figure\">\n\t\t\t<div class=\"vc_single_image-wrapper   vc_box_border_grey\"><img loading=\"lazy\" decoding=\"async\" width=\"1000\" height=\"650\" src=\"https:\/\/dostas.com.tr\/wp-content\/uploads\/2024\/10\/7-3.jpg\" class=\"vc_single_image-img attachment-full\" alt=\"\" title=\"7\" srcset=\"https:\/\/dostas.com.tr\/wp-content\/uploads\/2024\/10\/7-3.jpg 1000w, https:\/\/dostas.com.tr\/wp-content\/uploads\/2024\/10\/7-3-300x195.jpg 300w, https:\/\/dostas.com.tr\/wp-content\/uploads\/2024\/10\/7-3-768x499.jpg 768w, https:\/\/dostas.com.tr\/wp-content\/uploads\/2024\/10\/7-3-750x488.jpg 750w, https:\/\/dostas.com.tr\/wp-content\/uploads\/2024\/10\/7-3-540x351.jpg 540w, https:\/\/dostas.com.tr\/wp-content\/uploads\/2024\/10\/7-3-600x390.jpg 600w\" sizes=\"(max-width: 1000px) 100vw, 1000px\" \/><\/div>\n\t\t<\/figure>\n\t<\/div>\n<\/div><\/div><\/div><div class=\"rs_col-sm-12 wpb_column vc_column_container vc_col-sm-4\"><div class=\"vc_column-inner\" style=\" text-align:center; \"><div class=\"wpb_wrapper\">\n\t<div  class=\"wpb_single_image wpb_content_element vc_align_left wpb_content_element\">\n\t\t\n\t\t<figure class=\"wpb_wrapper vc_figure\">\n\t\t\t<div class=\"vc_single_image-wrapper   vc_box_border_grey\"><img loading=\"lazy\" decoding=\"async\" width=\"1000\" height=\"650\" src=\"https:\/\/dostas.com.tr\/wp-content\/uploads\/2024\/10\/11-5.jpg\" class=\"vc_single_image-img attachment-full\" alt=\"\" title=\"11\" srcset=\"https:\/\/dostas.com.tr\/wp-content\/uploads\/2024\/10\/11-5.jpg 1000w, https:\/\/dostas.com.tr\/wp-content\/uploads\/2024\/10\/11-5-300x195.jpg 300w, https:\/\/dostas.com.tr\/wp-content\/uploads\/2024\/10\/11-5-768x499.jpg 768w, https:\/\/dostas.com.tr\/wp-content\/uploads\/2024\/10\/11-5-750x488.jpg 750w, https:\/\/dostas.com.tr\/wp-content\/uploads\/2024\/10\/11-5-540x351.jpg 540w, https:\/\/dostas.com.tr\/wp-content\/uploads\/2024\/10\/11-5-600x390.jpg 600w\" sizes=\"(max-width: 1000px) 100vw, 1000px\" \/><\/div>\n\t\t<\/figure>\n\t<\/div>\n<\/div><\/div><\/div><div class=\"rs_col-sm-12 wpb_column vc_column_container vc_col-sm-4\"><div class=\"vc_column-inner\"><div class=\"wpb_wrapper\">\n\t<div  class=\"wpb_single_image wpb_content_element vc_align_left wpb_content_element\">\n\t\t\n\t\t<figure class=\"wpb_wrapper vc_figure\">\n\t\t\t<div class=\"vc_single_image-wrapper   vc_box_border_grey\"><img loading=\"lazy\" decoding=\"async\" width=\"1000\" height=\"650\" src=\"https:\/\/dostas.com.tr\/wp-content\/uploads\/2024\/10\/1-4.jpg\" class=\"vc_single_image-img attachment-full\" alt=\"\" title=\"1\" srcset=\"https:\/\/dostas.com.tr\/wp-content\/uploads\/2024\/10\/1-4.jpg 1000w, https:\/\/dostas.com.tr\/wp-content\/uploads\/2024\/10\/1-4-300x195.jpg 300w, https:\/\/dostas.com.tr\/wp-content\/uploads\/2024\/10\/1-4-768x499.jpg 768w, https:\/\/dostas.com.tr\/wp-content\/uploads\/2024\/10\/1-4-750x488.jpg 750w, https:\/\/dostas.com.tr\/wp-content\/uploads\/2024\/10\/1-4-540x351.jpg 540w, https:\/\/dostas.com.tr\/wp-content\/uploads\/2024\/10\/1-4-600x390.jpg 600w\" sizes=\"(max-width: 1000px) 100vw, 1000px\" \/><\/div>\n\t\t<\/figure>\n\t<\/div>\n<\/div><\/div><\/div><\/div><div class=\"vc_row-full-width vc_clearfix\"><\/div>\n<\/div>","protected":false},"excerpt":{"rendered":"S\u00dcRD\u00dcR\u00dcLEB\u0130L\u0130RL\u0130K Grup \u015firketlerimizden Salk\u0131m Orman \u00dcr\u00fcnleri San. Tic. A.\u015e.' nin sahip oldu\u011fu fabrikalar\u0131ndaki \u00fcretim proseslerinden ortaya \u00e7\u0131kan kat\u0131ks\u0131z, do\u011fal ve kuru odun tala\u015flar\u0131 \u00e7iftliklerimizde hayvan altl\u0131\u011f\u0131 olarak kullan\u0131lmaktad\u0131r. Bu suretle hem sa\u011fl\u0131kl\u0131 \u015fekilde hayvan bak\u0131m\u0131 ger\u00e7ekle\u015ftirmekte hem de altl\u0131k de\u011fi\u015fimleri s\u0131ras\u0131nda \u00e7\u0131kar\u0131lan y\u00fcksek kaliteli tala\u015fl\u0131 g\u00fcbre yemlik bitki \u00fcretimi yap\u0131lan tarlalar\u0131m\u0131zda kullan\u0131lmaktad\u0131r. Bu tarlalarda \u00fcretilen [...]","protected":false},"author":1,"featured_media":0,"parent":0,"menu_order":0,"comment_status":"closed","ping_status":"closed","template":"","meta":{"footnotes":""},"class_list":["post-9815","page","type-page","status-publish","hentry"],"_links":{"self":[{"href":"https:\/\/dostas.com.tr\/en\/wp-json\/wp\/v2\/pages\/9815"}],"collection":[{"href":"https:\/\/dostas.com.tr\/en\/wp-json\/wp\/v2\/pages"}],"about":[{"href":"https:\/\/dostas.com.tr\/en\/wp-json\/wp\/v2\/types\/page"}],"author":[{"embeddable":true,"href":"https:\/\/dostas.com.tr\/en\/wp-json\/wp\/v2\/users\/1"}],"replies":[{"embeddable":true,"href":"https:\/\/dostas.com.tr\/en\/wp-json\/wp\/v2\/comments?post=9815"}],"version-history":[{"count":8,"href":"https:\/\/dostas.com.tr\/en\/wp-json\/wp\/v2\/pages\/9815\/revisions"}],"predecessor-version":[{"id":10016,"href":"https:\/\/dostas.com.tr\/en\/wp-json\/wp\/v2\/pages\/9815\/revisions\/10016"}],"wp:attachment":[{"href":"https:\/\/dostas.com.tr\/en\/wp-json\/wp\/v2\/media?parent=9815"}],"curies":[{"name":"wp","href":"https:\/\/api.w.org\/{rel}","templated":true}]}}